{"id":206,"date":"2014-12-16T22:23:57","date_gmt":"2014-12-16T22:23:57","guid":{"rendered":"http:\/\/hotellosaromos.com.ar\/hotel\/?page_id=206"},"modified":"2014-12-22T15:41:21","modified_gmt":"2014-12-22T15:41:21","slug":"los-tuneles","status":"publish","type":"page","link":"http:\/\/hotellosaromos.com.ar\/hotel\/tiempo-libre\/los-tuneles\/","title":{"rendered":"Los T\u00faneles"},"content":{"rendered":"<div class=\"su-heading su-heading-style-default su-heading-align-center\" id=\"\" style=\"font-size:24px;margin-bottom:20px\"><div class=\"su-heading-inner\">Los T\u00faneles<\/div><\/div>\n<p>Partiendo de Mina Clavero, luego de atravesar la localidad de Cura Bochero, se llega hasta la regi\u00f3n de Pocho tomando la Ruta Provincial N\u00ba 28, que conduce a la localidad riojana de Chepes.<\/p>\n<p>Paisaje serrano tapizados por palmares es la primera sorpresa para el visitante; continuando, un conjunto de Volcanes inactivos se elevan hacia el cielo exhibiendo sus desgastadas cumbres. Una peque\u00f1a Capilla que comenz\u00f3 a construirse hace alrededor de 300 a\u00f1os es testigo de la tranquilidad que reina en estos parajes y anuncia que el poblado de Las Palmas est\u00e1 cerca. Pas\u00e1ndolo, el camino comienza a descender bruscamente y los antiguos T\u00faneles, que permiten llegar a la ciudad de Taninga, aparecen permitiendo continuar con el paseo.<\/p>\n<p>Este descenso es acompa\u00f1ado por la Quebrada de la Mermela, que regala una de las postales m\u00e1s bellas. Cuando el terreno comienza a dar fin a su declive, la Reserva Natural Chancan\u00ed ser\u00e1 una parada inevitable para conocer este extenso parque nativo. El recorrido culmina en los impactantes llanos de la Provincia de La Rioja.<\/p>\n<p><strong>Volcanes de Pocho<\/strong><br \/>\nEntre los curiosos palmares que habitan el Departamento de Pocho, sobre la Ruta Provincial N\u00ba 28, cinco Volcanes inactivos dan muestras de un paisaje que no se repetir\u00e1 en otra zona de la Provincia de C\u00f3rdoba.<\/p>\n<p>Integrando la Sierra de Guasapampa y Pocho, estas elevaciones exponen diferentes tonalidades, dependiendo del tipo de rocas que los conforman; dos de ellos se destacan por dibujar una casi perfecta forma c\u00f3nica sobre el horizonte; su altura es otra de las particularidades que los diferencia.<\/p>\n<p>Agua de la Cumbre, Ci\u00e9naga, Poca, Yerba Buena y V\u00e9liz son las denominaciones de estas bellezas \u00fanicas que a veces tientan a los aventureros escaladores ansiosos por descubrir experiencias y postales nuevas.<\/p>\n<p><strong>Capilla Nuestra Se\u00f1ora de la Palmas<\/strong><br \/>\nEn el Departamento de Pocho, la localidad de Las Palmas hace honor a la extra\u00f1a vegetaci\u00f3n que habita esta regi\u00f3n serrana. Uno de sus atractivos indiscutibles es la antigua Capilla, cuya construcci\u00f3n data del 1700 y a\u00fan conserva los muros de adobe que formaran parte de la construcci\u00f3n original. En su exterior se destaca el campanario, que fue reconstruido, y en el interior sus decorados en madera junto a las im\u00e1genes de anta\u00f1o.<\/p>\n<p><strong>T\u00faneles de Taninga<\/strong><br \/>\nCuando la Ruta Provincial N\u00ba 28 comienza a exponer su abrupto declive, que permitir\u00e1 observar los espectaculares llanos riojanos, una obra vial que data de 1930 se acerca. Se trata de los cinco t\u00faneles que posibilitaron la comunicaci\u00f3n de la Provincia de C\u00f3rdoba y La Rioja.<\/p>\n<p>Desde estas pintorescas construcciones, el paisaje que se observa es un derroche de belleza: la Cascada del Velo de la Novia sorprende con sus 12 saltos y el murmullo del agua a lo largo de sus 180 metros de ca\u00edda. Este espect\u00e1culo natural, que se puede completar con el sobrevuelo de los c\u00f3ndores, forma parte de la hermosa Quebrada de la Mermela: atravesada por el R\u00edo del mismo nombre, regala a los viajeros postales incre\u00edbles.<\/p>\n<p>Paisajes vers\u00e1tiles que exponen palmares, cerros, saltos de agua y de repente el m\u00e1s extenso llano riojano, son una inevitable tentaci\u00f3n que har\u00e1 regresar a los visitantes de este rinc\u00f3n cordob\u00e9s.<\/p>\n<a href=\"http:\/\/hotellosaromos.com.ar\/hotel\/tiempo-libre\/\" class=\"su-button su-button-style-default\" style=\"color:#FFFFFF;background-color:#ef962d;border-color:#c07824;border-radius:5px\" target=\"_self\"><span style=\"color:#FFFFFF;padding:0px 16px;font-size:13px;line-height:26px;border-color:#f4b66c;border-radius:5px;text-shadow:none\"> Volver<\/span><\/a>\n","protected":false},"excerpt":{"rendered":"<p>Partiendo de Mina Clavero, luego de atravesar la localidad de Cura Bochero, se llega hasta la regi\u00f3n de Pocho tomando la Ruta Provincial N\u00ba 28, que conduce a la localidad riojana de Chepes. Paisaje serrano tapizados por palmares es la [&hellip;]<\/p>\n","protected":false},"author":1,"featured_media":0,"parent":200,"menu_order":0,"comment_status":"closed","ping_status":"open","template":"page-templates\/attraction.php","meta":{"ngg_post_thumbnail":0,"footnotes":""},"_links":{"self":[{"href":"http:\/\/hotellosaromos.com.ar\/hotel\/wp-json\/wp\/v2\/pages\/206"}],"collection":[{"href":"http:\/\/hotellosaromos.com.ar\/hotel\/wp-json\/wp\/v2\/pages"}],"about":[{"href":"http:\/\/hotellosaromos.com.ar\/hotel\/wp-json\/wp\/v2\/types\/page"}],"author":[{"embeddable":true,"href":"http:\/\/hotellosaromos.com.ar\/hotel\/wp-json\/wp\/v2\/users\/1"}],"replies":[{"embeddable":true,"href":"http:\/\/hotellosaromos.com.ar\/hotel\/wp-json\/wp\/v2\/comments?post=206"}],"version-history":[{"count":3,"href":"http:\/\/hotellosaromos.com.ar\/hotel\/wp-json\/wp\/v2\/pages\/206\/revisions"}],"predecessor-version":[{"id":240,"href":"http:\/\/hotellosaromos.com.ar\/hotel\/wp-json\/wp\/v2\/pages\/206\/revisions\/240"}],"up":[{"embeddable":true,"href":"http:\/\/hotellosaromos.com.ar\/hotel\/wp-json\/wp\/v2\/pages\/200"}],"wp:attachment":[{"href":"http:\/\/hotellosaromos.com.ar\/hotel\/wp-json\/wp\/v2\/media?parent=206"}],"curies":[{"name":"wp","href":"https:\/\/api.w.org\/{rel}","templated":true}]}}