{"id":211,"date":"2014-12-16T22:32:18","date_gmt":"2014-12-16T22:32:18","guid":{"rendered":"http:\/\/hotellosaromos.com.ar\/hotel\/?page_id=211"},"modified":"2014-12-22T15:41:38","modified_gmt":"2014-12-22T15:41:38","slug":"museo-rocsen","status":"publish","type":"page","link":"http:\/\/hotellosaromos.com.ar\/hotel\/tiempo-libre\/museo-rocsen\/","title":{"rendered":"Museo Rocsen"},"content":{"rendered":"<div class=\"su-heading su-heading-style-default su-heading-align-center\" id=\"\" style=\"font-size:24px;margin-bottom:20px\"><div class=\"su-heading-inner\">Museo Rocsen<\/div><\/div>\n<p>Desafiando el estereotipo establecido, el Museo Polifac\u00e9tico Rocsen se presenta como un viaje en el tiempo por toda la vida humana. Con su formidable exhibici\u00f3n de m\u00e1s de 20 mil piezas, provenientes de todos los rincones del mundo y concernientes a las m\u00e1s diversas \u00e1reas, este reservorio cultural pretende ense\u00f1ar, seg\u00fan las palabras de su fundador y director, Juan Bouchon, \u201c\u2026todo el hombre para todos los hombres\u201d. El Museo Rocsen fue fundado en 1969 y actualmente cubre una superficie de 1530m2, cuyo valor arqueol\u00f3gico, entomol\u00f3gico, antropol\u00f3gico, etnol\u00f3gico e hist\u00f3rico resume la evoluci\u00f3n humana en toda su extensi\u00f3n. Estatuas que representan a 49 personajes defensores de la paz; esqueletos; insectarios; carruajes y autom\u00f3viles; instrumentos musicales; relojes de todos los tiempos; objetos relacionados con la imprenta, la fotograf\u00eda, el cine; reconstrucci\u00f3n con elementos originales del Rinc\u00f3n Criollo Argentino del Pe\u00f3n de Estancia; recreaci\u00f3n de un almac\u00e9n de ramos generales; son apenas algunas de las exposiciones que pueden contemplarse en las ocho salas que constituyen al Museo Rocsen, situado a 5Km. del poblado de Nono y a 13Km. de Mina Clavero, en la provincia de C\u00f3rdoba. Abierto al p\u00fablico desde las 9:00 hasta la puesta del sol, los 365 d\u00edas del a\u00f1o, el Museo Polifac\u00e9tico Rocsen, se ha convertido en una visita obligada y satisfactoria para todo aquel que se lanza a recorrer el Circuito de Traslasierra.<\/p>\n<a href=\"http:\/\/hotellosaromos.com.ar\/hotel\/tiempo-libre\/\" class=\"su-button su-button-style-default\" style=\"color:#FFFFFF;background-color:#ef962d;border-color:#c07824;border-radius:5px\" target=\"_self\"><span style=\"color:#FFFFFF;padding:0px 16px;font-size:13px;line-height:26px;border-color:#f4b66c;border-radius:5px;text-shadow:none\"> Volver<\/span><\/a>\n","protected":false},"excerpt":{"rendered":"<p>Desafiando el estereotipo establecido, el Museo Polifac\u00e9tico Rocsen se presenta como un viaje en el tiempo por toda la vida humana. Con su formidable exhibici\u00f3n de m\u00e1s de 20 mil piezas, provenientes de todos los rincones del mundo y concernientes [&hellip;]<\/p>\n","protected":false},"author":1,"featured_media":0,"parent":200,"menu_order":0,"comment_status":"closed","ping_status":"open","template":"page-templates\/attraction.php","meta":{"ngg_post_thumbnail":0,"footnotes":""},"_links":{"self":[{"href":"http:\/\/hotellosaromos.com.ar\/hotel\/wp-json\/wp\/v2\/pages\/211"}],"collection":[{"href":"http:\/\/hotellosaromos.com.ar\/hotel\/wp-json\/wp\/v2\/pages"}],"about":[{"href":"http:\/\/hotellosaromos.com.ar\/hotel\/wp-json\/wp\/v2\/types\/page"}],"author":[{"embeddable":true,"href":"http:\/\/hotellosaromos.com.ar\/hotel\/wp-json\/wp\/v2\/users\/1"}],"replies":[{"embeddable":true,"href":"http:\/\/hotellosaromos.com.ar\/hotel\/wp-json\/wp\/v2\/comments?post=211"}],"version-history":[{"count":3,"href":"http:\/\/hotellosaromos.com.ar\/hotel\/wp-json\/wp\/v2\/pages\/211\/revisions"}],"predecessor-version":[{"id":241,"href":"http:\/\/hotellosaromos.com.ar\/hotel\/wp-json\/wp\/v2\/pages\/211\/revisions\/241"}],"up":[{"embeddable":true,"href":"http:\/\/hotellosaromos.com.ar\/hotel\/wp-json\/wp\/v2\/pages\/200"}],"wp:attachment":[{"href":"http:\/\/hotellosaromos.com.ar\/hotel\/wp-json\/wp\/v2\/media?parent=211"}],"curies":[{"name":"wp","href":"https:\/\/api.w.org\/{rel}","templated":true}]}}