{"id":220,"date":"2014-12-22T14:49:09","date_gmt":"2014-12-22T14:49:09","guid":{"rendered":"http:\/\/hotellosaromos.com.ar\/hotel\/?page_id=220"},"modified":"2014-12-22T15:42:00","modified_gmt":"2014-12-22T15:42:00","slug":"terminal-de-omnibus","status":"publish","type":"page","link":"http:\/\/hotellosaromos.com.ar\/hotel\/tiempo-libre\/terminal-de-omnibus\/","title":{"rendered":"Terminal de \u00f3mnibus"},"content":{"rendered":"<div class=\"su-heading su-heading-style-default su-heading-align-center\" id=\"\" style=\"font-size:24px;margin-bottom:20px\"><div class=\"su-heading-inner\">Terminal de \u00f3mnibus<\/div><\/div>\n<p>Llegan a la terminal de \u00f3mnibus de Mina Clavero servicios directos desde: C\u00f3rdoba, Buenos Aires, Rosario, Mendoza, San Juan, R\u00edo Cuarto y Merlo.<br \/>\nLa otra alternativa es combinar con la ciudad de C\u00f3rdoba.<\/p>\n<div class=\"su-accordion su-u-trim\">\n<div class=\"su-spoiler su-spoiler-style-fancy su-spoiler-icon-plus su-spoiler-closed\" data-scroll-offset=\"0\" data-anchor-in-url=\"no\"><div class=\"su-spoiler-title\" tabindex=\"0\" role=\"button\"><span class=\"su-spoiler-icon\"><\/span><strong>DESDE BUENOS AIRES<\/strong><\/div><div class=\"su-spoiler-content su-u-clearfix su-u-trim\">\n<p><strong>Chevallier:<\/strong><br \/>\nRetiro: Bol. 67 a 71<br \/>\nwww.nuevachevallier.com.ar<br \/>\nRosario: Bol 7 y 8<br \/>\nC\u00f3rdoba: Bol 10, 11 y 59<br \/>\nMina Clavero:<\/p>\n<p><strong>Expreso del Oeste:<\/strong><br \/>\nRetiro: Bol. 85<br \/>\nR\u00edo Cuarto: Bol. 22<br \/>\nMina Clavero:<br \/>\nexpresodeloeste@hotmail.com<\/p>\n<p><strong>Flecha Bus:<\/strong><br \/>\nRetiro: Bol. 56\/145<br \/>\ninfo@flechamail.com.ar<br \/>\nMina Clavero:<\/p>\n<p><strong>Gral. Urquiza:<\/strong><br \/>\nRetiro: Bol. 64<br \/>\ninfo@generalurquiza.com.ar<br \/>\nMina Clavero:<\/p>\n<p><strong>San Juan Mar del Plata:<\/strong><br \/>\nRetiro: Bol.87<br \/>\nSan Juan: 4274529<br \/>\nwww.sanjuanmardelplatasa.com<br \/>\nMina Clavero:<\/p>\n<p><strong>Sierras Cordobesas:<\/strong><br \/>\nRetiro: Bol. 89<br \/>\nR\u00edo Cuarto: Bol 13 (0358) 464 6716<br \/>\nVilla de Merlo: (02656) 476043<br \/>\nMina Clavero: (03544) 424509<\/div><\/div>\n<div class=\"su-spoiler su-spoiler-style-fancy su-spoiler-icon-plus su-spoiler-closed\" data-scroll-offset=\"0\" data-anchor-in-url=\"no\"><div class=\"su-spoiler-title\" tabindex=\"0\" role=\"button\"><span class=\"su-spoiler-icon\"><\/span>DESDE ROSARIO<\/div><div class=\"su-spoiler-content su-u-clearfix su-u-trim\">\n<p><strong>Monticas<\/strong><br \/>\nRosario: Bol. 13 y 14 (0341) 439 5894<br \/>\nC\u00f3rdoba: Bol. 42 C (0351) 423 7436<br \/>\nVilla de Merlo: Bol. 5 (02656) 478150<br \/>\nmonticas@arnet.com.ar<br \/>\nMina Clavero: (03544) 470458\u00a0<\/div><\/div>\n<div class=\"su-spoiler su-spoiler-style-fancy su-spoiler-icon-plus su-spoiler-closed\" data-scroll-offset=\"0\" data-anchor-in-url=\"no\"><div class=\"su-spoiler-title\" tabindex=\"0\" role=\"button\"><span class=\"su-spoiler-icon\"><\/span>DESDE MENDOZA<\/div><div class=\"su-spoiler-content su-u-clearfix su-u-trim\">\n<p><strong>Andesmar<\/strong><br \/>\nMendoza: (0261) 431 2057<br \/>\nMina Clavero: (03544) 478801<\/p>\n<p><strong>Tramat<\/strong><br \/>\nMina Clavero: (03544) 478801<\/div><\/div>\n<div class=\"su-spoiler su-spoiler-style-fancy su-spoiler-icon-plus su-spoiler-closed\" data-scroll-offset=\"0\" data-anchor-in-url=\"no\"><div class=\"su-spoiler-title\" tabindex=\"0\" role=\"button\"><span class=\"su-spoiler-icon\"><\/span>DESDE C\u00d3RDOBA<\/div><div class=\"su-spoiler-content su-u-clearfix su-u-trim\">\n<p><strong>Ciudad de C\u00f3rdoba<\/strong><br \/>\nC\u00f3rdoba: Bol. 43 (0351) 428 2812\/11<br \/>\nMina Clavero: (03544) 472 262<\/p>\n<p><strong>COATA<\/strong><br \/>\nC\u00f3rdoba: Bol. 20 y 21 (0351) 423 8957 &#8211; 423 5150<br \/>\nMina Clavero: (03544) 470400<\/p>\n<p><strong>Sarmiento<\/strong><br \/>\nC\u00f3rdoba: Bol. 37 (0351) 433 2161 &#8211; 425 6180<br \/>\nMina Clavero: (03544) 471539<\/div><\/div>\n<div class=\"su-spoiler su-spoiler-style-fancy su-spoiler-icon-plus su-spoiler-closed\" data-scroll-offset=\"0\" data-anchor-in-url=\"no\"><div class=\"su-spoiler-title\" tabindex=\"0\" role=\"button\"><span class=\"su-spoiler-icon\"><\/span>SERVICIOS DIFERENCIALES:<\/div><div class=\"su-spoiler-content su-u-clearfix su-u-trim\">\n<p><strong>Panaholma:<\/strong><br \/>\nTerminal de \u00d3mnibus C\u00f3rdoba Nivel D Bol. 71 (0351) 428 1610 &#8211; 428 0848<br \/>\nMina Clavero: (03544) 478886 &#8211; 472249<\/p>\n<p><strong>Sierra Bus:<\/strong><br \/>\nTerminal de \u00d3mnibus C\u00f3rdoba Nivel D Bol. 72 0351) 427 1887<br \/>\nMina Clavero: (03544) 471572<\/div><\/div><\/div>\n<a href=\"http:\/\/hotellosaromos.com.ar\/hotel\/tiempo-libre\/\" class=\"su-button su-button-style-default\" style=\"color:#FFFFFF;background-color:#ef962d;border-color:#c07824;border-radius:5px\" target=\"_self\"><span style=\"color:#FFFFFF;padding:0px 16px;font-size:13px;line-height:26px;border-color:#f4b66c;border-radius:5px;text-shadow:none\"> Volver<\/span><\/a>\n","protected":false},"excerpt":{"rendered":"<p>Llegan a la terminal de \u00f3mnibus de Mina Clavero servicios directos desde: C\u00f3rdoba, Buenos Aires, Rosario, Mendoza, San Juan, R\u00edo Cuarto y Merlo. La otra alternativa es combinar con la ciudad de C\u00f3rdoba.<\/p>\n","protected":false},"author":1,"featured_media":0,"parent":200,"menu_order":0,"comment_status":"closed","ping_status":"open","template":"page-templates\/attraction.php","meta":{"ngg_post_thumbnail":0,"footnotes":""},"_links":{"self":[{"href":"http:\/\/hotellosaromos.com.ar\/hotel\/wp-json\/wp\/v2\/pages\/220"}],"collection":[{"href":"http:\/\/hotellosaromos.com.ar\/hotel\/wp-json\/wp\/v2\/pages"}],"about":[{"href":"http:\/\/hotellosaromos.com.ar\/hotel\/wp-json\/wp\/v2\/types\/page"}],"author":[{"embeddable":true,"href":"http:\/\/hotellosaromos.com.ar\/hotel\/wp-json\/wp\/v2\/users\/1"}],"replies":[{"embeddable":true,"href":"http:\/\/hotellosaromos.com.ar\/hotel\/wp-json\/wp\/v2\/comments?post=220"}],"version-history":[{"count":8,"href":"http:\/\/hotellosaromos.com.ar\/hotel\/wp-json\/wp\/v2\/pages\/220\/revisions"}],"predecessor-version":[{"id":242,"href":"http:\/\/hotellosaromos.com.ar\/hotel\/wp-json\/wp\/v2\/pages\/220\/revisions\/242"}],"up":[{"embeddable":true,"href":"http:\/\/hotellosaromos.com.ar\/hotel\/wp-json\/wp\/v2\/pages\/200"}],"wp:attachment":[{"href":"http:\/\/hotellosaromos.com.ar\/hotel\/wp-json\/wp\/v2\/media?parent=220"}],"curies":[{"name":"wp","href":"https:\/\/api.w.org\/{rel}","templated":true}]}}