{"id":230,"date":"2014-12-22T15:37:34","date_gmt":"2014-12-22T15:37:34","guid":{"rendered":"http:\/\/hotellosaromos.com.ar\/hotel\/?page_id=230"},"modified":"2014-12-22T15:40:20","modified_gmt":"2014-12-22T15:40:20","slug":"avenida-san-martin","status":"publish","type":"page","link":"http:\/\/hotellosaromos.com.ar\/hotel\/tiempo-libre\/avenida-san-martin\/","title":{"rendered":"Avenida San Mart\u00edn"},"content":{"rendered":"<div class=\"su-heading su-heading-style-default su-heading-align-center\" id=\"\" style=\"font-size:24px;margin-bottom:20px\"><div class=\"su-heading-inner\">Avenida San Mart\u00edn<\/div><\/div>\n<p>La avenida San Mart\u00edn es la principal arter\u00eda comercial de Mina Clavero, donde encontrar\u00e1 situado a los bancos Provincia de C\u00f3rdoba y Naci\u00f3n, paseos comerciales, el puente vado sobre el R\u00edo Mina Clavero y la playa principal de nuestro pueblo.<\/p>\n<a href=\"http:\/\/hotellosaromos.com.ar\/hotel\/tiempo-libre\/\" class=\"su-button su-button-style-default\" style=\"color:#FFFFFF;background-color:#ef962d;border-color:#c07824;border-radius:5px\" target=\"_self\"><span style=\"color:#FFFFFF;padding:0px 16px;font-size:13px;line-height:26px;border-color:#f4b66c;border-radius:5px;text-shadow:none\"> Volver<\/span><\/a>\n","protected":false},"excerpt":{"rendered":"<p>La avenida San Mart\u00edn es la principal arter\u00eda comercial de Mina Clavero, donde encontrar\u00e1 situado a los bancos Provincia de C\u00f3rdoba y Naci\u00f3n, paseos comerciales, el puente vado sobre el R\u00edo Mina Clavero y la playa principal de nuestro pueblo.<\/p>\n","protected":false},"author":1,"featured_media":0,"parent":200,"menu_order":0,"comment_status":"closed","ping_status":"open","template":"page-templates\/attraction.php","meta":{"ngg_post_thumbnail":0,"footnotes":""},"_links":{"self":[{"href":"http:\/\/hotellosaromos.com.ar\/hotel\/wp-json\/wp\/v2\/pages\/230"}],"collection":[{"href":"http:\/\/hotellosaromos.com.ar\/hotel\/wp-json\/wp\/v2\/pages"}],"about":[{"href":"http:\/\/hotellosaromos.com.ar\/hotel\/wp-json\/wp\/v2\/types\/page"}],"author":[{"embeddable":true,"href":"http:\/\/hotellosaromos.com.ar\/hotel\/wp-json\/wp\/v2\/users\/1"}],"replies":[{"embeddable":true,"href":"http:\/\/hotellosaromos.com.ar\/hotel\/wp-json\/wp\/v2\/comments?post=230"}],"version-history":[{"count":5,"href":"http:\/\/hotellosaromos.com.ar\/hotel\/wp-json\/wp\/v2\/pages\/230\/revisions"}],"predecessor-version":[{"id":238,"href":"http:\/\/hotellosaromos.com.ar\/hotel\/wp-json\/wp\/v2\/pages\/230\/revisions\/238"}],"up":[{"embeddable":true,"href":"http:\/\/hotellosaromos.com.ar\/hotel\/wp-json\/wp\/v2\/pages\/200"}],"wp:attachment":[{"href":"http:\/\/hotellosaromos.com.ar\/hotel\/wp-json\/wp\/v2\/media?parent=230"}],"curies":[{"name":"wp","href":"https:\/\/api.w.org\/{rel}","templated":true}]}}